{"id":1827,"date":"2020-09-03T10:27:50","date_gmt":"2020-09-03T08:27:50","guid":{"rendered":"\/legal-notice\/"},"modified":"2023-10-24T08:32:50","modified_gmt":"2023-10-24T06:32:50","slug":"mentions-legales","status":"publish","type":"page","link":"https:\/\/talentimpulse.cea.fr\/en\/mentions-legales\/","title":{"rendered":"Mentions L\u00e9gales"},"content":{"rendered":"<div data-elementor-type=\"wp-page\" data-elementor-id=\"1827\" class=\"elementor elementor-1827\" data-elementor-post-type=\"page\">\n\t\t\t\t\t\t<section class=\"elementor-section elementor-top-section elementor-element elementor-element-3cc77c1 elementor-section-boxed elementor-section-height-default elementor-section-height-default\" data-id=\"3cc77c1\" data-element_type=\"section\" data-settings=\"{&quot;background_background&quot;:&quot;classic&quot;}\">\n\t\t\t\t\t\t\t<div class=\"elementor-background-overlay\"><\/div>\n\t\t\t\t\t\t\t<div class=\"elementor-container elementor-column-gap-default\">\n\t\t\t\t\t<div class=\"elementor-column elementor-col-100 elementor-top-column elementor-element elementor-element-c53bb7f\" data-id=\"c53bb7f\" data-element_type=\"column\">\n\t\t\t<div class=\"elementor-widget-wrap elementor-element-populated\">\n\t\t\t\t\t\t<div class=\"elementor-element elementor-element-f9f6b3e elementor-widget elementor-widget-heading\" data-id=\"f9f6b3e\" data-element_type=\"widget\" data-widget_type=\"heading.default\">\n\t\t\t\t<div class=\"elementor-widget-container\">\n\t\t\t\t\t<h2 class=\"elementor-heading-title elementor-size-default\">Science impulse<\/h2>\t\t\t\t<\/div>\n\t\t\t\t<\/div>\n\t\t\t\t<div class=\"elementor-element elementor-element-f9187e0 elementor-widget elementor-widget-heading\" data-id=\"f9187e0\" data-element_type=\"widget\" data-widget_type=\"heading.default\">\n\t\t\t\t<div class=\"elementor-widget-container\">\n\t\t\t\t\t<h1 class=\"elementor-heading-title elementor-size-default\">Mentions L\u00e9gales<\/h1>\t\t\t\t<\/div>\n\t\t\t\t<\/div>\n\t\t\t\t\t<\/div>\n\t\t<\/div>\n\t\t\t\t\t<\/div>\n\t\t<\/section>\n\t\t\t\t<section class=\"elementor-section elementor-top-section elementor-element elementor-element-83cdc4c elementor-section-boxed elementor-section-height-default elementor-section-height-default\" data-id=\"83cdc4c\" data-element_type=\"section\">\n\t\t\t\t\t\t<div class=\"elementor-container elementor-column-gap-default\">\n\t\t\t\t\t<div class=\"elementor-column elementor-col-100 elementor-top-column elementor-element elementor-element-0242fc1\" data-id=\"0242fc1\" data-element_type=\"column\">\n\t\t\t<div class=\"elementor-widget-wrap elementor-element-populated\">\n\t\t\t\t\t\t<div class=\"elementor-element elementor-element-aa00fa5 elementor-widget elementor-widget-text-editor\" data-id=\"aa00fa5\" data-element_type=\"widget\" data-widget_type=\"text-editor.default\">\n\t\t\t\t<div class=\"elementor-widget-container\">\n\t\t\t\t\t\t\t\t\t<h1>Adresse Internet du site<\/h1><p>L&rsquo;adresse Internet du Site concern\u00e9 par ces mentions l\u00e9gales est https:\/\/talentimpulse.cea.fr<\/p><h1>Editeur du Site<\/h1><p>Nom de la soci\u00e9t\u00e9 \u203a CEA (Commissariat \u00e0 l&rsquo;\u00e9nergie atomique et aux \u00e9nergies alternatives) \/ Direction de la Recherche Technologique (DRT)<\/p><p>Adresse du si\u00e8ge social \u203a 25 rue Leblanc B\u00e2timent Le Ponant D<\/p><p>Numero SIREN \u203a 775685019<\/p><h1>Nom de l&rsquo;h\u00e9bergeur du site<\/h1><p>Nom de la soci\u00e9t\u00e9 \u203a Commissariat \u00e0 l&rsquo;\u00e9nergie atomique<\/p><p>Adresse du si\u00e8ge social \u203a 25 rue Leblanc B\u00e2timent Le Ponant D<\/p><p>Numero SIREN \u203a 775685019<\/p><h1>Copyright et Propri\u00e9t\u00e9 intellectuelle<\/h1><p>L&rsquo;ensemble des \u00e9l\u00e9ments figurant sur notre Site sont prot\u00e9g\u00e9s par les dispositions du Code de la Propri\u00e9t\u00e9 Intellectuelle. En cons\u00e9quence, toute reproduction de ceux-ci, totale ou partielle, ou imitation, sans notre accord expr\u00e8s, pr\u00e9alable et \u00e9crit, est interdite.<\/p><p>Il est formellement interdit de collecter et d&rsquo;utiliser les informations disponibles sur le Site \u00e0 des fins commerciales.<\/p><p>Cette interdiction s&rsquo;\u00e9tend notamment, sans que cette liste ne soit limitative, \u00e0 tout \u00e9l\u00e9ment r\u00e9dactionnel figurant sur le Site, \u00e0 la pr\u00e9sentation des \u00e9crans, aux logiciels n\u00e9cessaires \u00e0 l&rsquo;exploitation, aux logos, images, photos, graphiques, de quelque nature qu&rsquo;ils soient.<\/p><h1>Acc\u00e8s<\/h1><p>Le Site est destin\u00e9 \u00e0 toute personne (ci-apr\u00e8s d\u00e9sign\u00e9e sous le terme \u00ab Utilisateur \u00bb) qui souhaite d\u00e9poser une candidature spontan\u00e9e ou acc\u00e9der \u00e0 une offre de poste d\u00e9termin\u00e9e propos\u00e9e par la Soci\u00e9t\u00e9.<\/p><p>Il est pr\u00e9cis\u00e9 que le service \u00ab votre espace \u00bb n&rsquo;est accessible que par login et mot de passe.<\/p><p>La Soci\u00e9t\u00e9 se r\u00e9serve la possibilit\u00e9 de modifier, d&rsquo;am\u00e9liorer et d&rsquo;enrichir les services propos\u00e9s sur le Site \u00e0 tout moment.<\/p><h1>Engagements de la Soci\u00e9t\u00e9<\/h1><h2>Accessibilit\u00e9 aux services du Site<\/h2><p>La Soci\u00e9t\u00e9 s&rsquo;engage \u00e0 mettre en \u0153uvre tous les moyens dont elle dispose afin d&rsquo;offrir les meilleurs services \u00e0 l&rsquo;Utilisateur et de faciliter leur acc\u00e8s.<\/p><p>A ce titre, la Soci\u00e9t\u00e9 s&rsquo;efforce de maintenir le Site accessible 7 jours sur 7 et 24 heures sur 24.<\/p><p>Toutefois, cet acc\u00e8s peut \u00eatre interrompu \u00e0 l&rsquo;initiative de la Soci\u00e9t\u00e9 ou de ses prestataires charg\u00e9s de la mise en \u0153uvre et de l&rsquo;h\u00e9bergement du Site pour des raisons de maintenance ou toute autre raison technique. Dans ces cas sp\u00e9cifiques d&rsquo;interruption, La Soci\u00e9t\u00e9 s&rsquo;efforcera d&rsquo;en informer pr\u00e9alablement l&rsquo;Utilisateur et de limiter la dur\u00e9e de l&rsquo;interruption.<\/p><p>La Soci\u00e9t\u00e9 se r\u00e9serve \u00e9galement le droit d&rsquo;interrompre l&rsquo;acc\u00e8s aux services sans que sa responsabilit\u00e9 soit engag\u00e9e dans des cas tels que notamment attaques du Site (virus, intrusions malveillantes\u2026) susceptibles d&rsquo;avoir une incidence sur la capacit\u00e9, la s\u00e9curit\u00e9 et l&rsquo;int\u00e9grit\u00e9 des traitements ou des donn\u00e9es, prise de connaissance par La Soci\u00e9t\u00e9 de la pr\u00e9sence d&rsquo;un contenu illicite ; ou demande de suspension ou de restriction d&rsquo;acc\u00e8s au Site formul\u00e9e par une autorit\u00e9 administrative ou judiciaire ou par la mise en demeure d&rsquo;un tiers.<\/p><h2>S\u00e9curisation et confidentialit\u00e9 des donn\u00e9es<\/h2><p>La Soci\u00e9t\u00e9 se conforme aux exigences de la loi modifi\u00e9e n\u00b0 78-17 du 6 janvier 1978, dite Informatique et Libert\u00e9s dans le traitement des donn\u00e9es \u00e0 caract\u00e8re personnel de l&rsquo;Utilisateur.<\/p><p>La Soci\u00e9t\u00e9 s&rsquo;engage notamment \u00e0 assurer la s\u00e9curit\u00e9 des donn\u00e9es afin d&rsquo;\u00e9viter qu&rsquo;elles ne soient d\u00e9form\u00e9es, endommag\u00e9es ou communiqu\u00e9es \u00e0 des tiers non autoris\u00e9s et \u00e0 ne les utiliser qu&rsquo;aux fins exclusives de g\u00e9rer les candidatures spontan\u00e9es ou li\u00e9es \u00e0 des postes \u00e0 pourvoir, de l&rsquo;Utilisateur et leur suivi.<\/p><p>La Soci\u00e9t\u00e9 ne pourra \u00eatre tenue responsable envers l&rsquo;Utilisateur de la perte ou de la disparition des donn\u00e9es le concernant li\u00e9es \u00e0 un cas de force majeure ou au fait d&rsquo;un tiers.<\/p><h1>Engagements de l&rsquo;Utilisateur<\/h1><p>L&rsquo;Utilisateur s&rsquo;engage et prend toute mesure propre \u00e0 assurer la confidentialit\u00e9 et la conservation de son code d&rsquo;acc\u00e8s et \u00e0 ne le communiquer \u00e0 quiconque.<\/p><p>La Soci\u00e9t\u00e9 ou toute autre entreprise du Groupe utilisatrice du Site ne saurait \u00eatre tenue pour responsable d&rsquo;une utilisation frauduleuse du code d&rsquo;acc\u00e8s.<\/p><p>Toute op\u00e9ration effectu\u00e9e sur le Site avec les identifiants de connexion de l&rsquo;Utilisateur est r\u00e9put\u00e9e faite au nom de ce dernier et engage sa responsabilit\u00e9.<\/p><p>Le Site vise exclusivement \u00e0 faciliter les modalit\u00e9s de recrutement de la Soci\u00e9t\u00e9. Il doit \u00eatre accessible \u00e0 l&rsquo;Utilisateur aux seules fins de lui permettre de consulter les offres de poste et d\u00e9poser sa candidature. A ce titre, l&rsquo;Utilisateur s&rsquo;interdit notamment dans son espace personnel et sur les zones \u00e0 texte libre mis \u00e0 sa disposition sur le Site toute utilisation contraire \u00e0 la loi, et notamment l&rsquo;envoi de messages ou l&rsquo;enregistrement de contenu \u00e0 caract\u00e8re violent, diffamatoire ou illicite.<\/p><h1>Informatique et libert\u00e9s<\/h1><h2>Inscription \u00e0 la CNIL et Protection des donn\u00e9es personnelles<\/h2><p>Num\u00e9ro d&rsquo;inscription de la Soci\u00e9t\u00e9 \u00e0 la CNIL : AFP20230574<\/p><p>Les informations relatives \u00e0 l&rsquo;Utilisateur sont trait\u00e9es dans le respect de la confidentialit\u00e9 par les personnels d\u00fbment habilit\u00e9s des ressources humaines de La Soci\u00e9t\u00e9, par un cabinet de recrutement externe auquel la Soci\u00e9t\u00e9 peut, le cas \u00e9ch\u00e9ant, faire appel ainsi que les prestataires informatiques intervenant dans la mise en \u0153uvre du Site, aux seules fins d&rsquo;analyser le contenu des CV transmis par l&rsquo;Utilisateur et de proc\u00e9der aux modalit\u00e9s de recrutement.<\/p><p>Aucune information personnelle n&rsquo;est collect\u00e9e \u00e0 l&rsquo;insu de l&rsquo;Utilisateur ni trait\u00e9e \u00e0 des fins non pr\u00e9vues.<\/p><h2>Droits d&rsquo;opposition, d&rsquo;acc\u00e8s et de rectification des donn\u00e9es concernant l&rsquo;utilisateur<\/h2><p>Conform\u00e9ment aux dispositions de la loi modifi\u00e9e du 6 janvier 1978, l&rsquo;Utilisateur peut exercer sur les donn\u00e9es qui le concernent ses droits d&rsquo;opposition, d&rsquo;acc\u00e8s et de rectification en adressant sa demande \u00e0 l&rsquo;administrateur du site : drt@cea.fr<\/p>\t\t\t\t\t\t\t\t<\/div>\n\t\t\t\t<\/div>\n\t\t\t\t\t<\/div>\n\t\t<\/div>\n\t\t\t\t\t<\/div>\n\t\t<\/section>\n\t\t\t\t<\/div>","protected":false},"excerpt":{"rendered":"<p>Science impulse Mentions L\u00e9gales Adresse Internet du site L&rsquo;adresse Internet du Site concern\u00e9 par ces mentions l\u00e9gales est https:\/\/talentimpulse.cea.fr Editeur du Site Nom de la soci\u00e9t\u00e9 \u203a CEA (Commissariat \u00e0 l&rsquo;\u00e9nergie atomique et aux \u00e9nergies alternatives) \/ Direction de la Recherche Technologique (DRT) Adresse du si\u00e8ge social \u203a 25 rue Leblanc B\u00e2timent Le Ponant D [&#8230;]<\/p>","protected":false},"author":2,"featured_media":0,"parent":0,"menu_order":11,"comment_status":"closed","ping_status":"closed","template":"","meta":{"_acf_changed":false,"footnotes":""},"class_list":["post-1827","page","type-page","status-publish","hentry"],"acf":[],"aioseo_notices":[],"_links":{"self":[{"href":"https:\/\/talentimpulse.cea.fr\/en\/wp-json\/wp\/v2\/pages\/1827","targetHints":{"allow":["GET"]}}],"collection":[{"href":"https:\/\/talentimpulse.cea.fr\/en\/wp-json\/wp\/v2\/pages"}],"about":[{"href":"https:\/\/talentimpulse.cea.fr\/en\/wp-json\/wp\/v2\/types\/page"}],"author":[{"embeddable":true,"href":"https:\/\/talentimpulse.cea.fr\/en\/wp-json\/wp\/v2\/users\/2"}],"replies":[{"embeddable":true,"href":"https:\/\/talentimpulse.cea.fr\/en\/wp-json\/wp\/v2\/comments?post=1827"}],"version-history":[{"count":18,"href":"https:\/\/talentimpulse.cea.fr\/en\/wp-json\/wp\/v2\/pages\/1827\/revisions"}],"predecessor-version":[{"id":8866,"href":"https:\/\/talentimpulse.cea.fr\/en\/wp-json\/wp\/v2\/pages\/1827\/revisions\/8866"}],"wp:attachment":[{"href":"https:\/\/talentimpulse.cea.fr\/en\/wp-json\/wp\/v2\/media?parent=1827"}],"curies":[{"name":"wp","href":"https:\/\/api.w.org\/{rel}","templated":true}]}}