{"id":4377,"date":"2022-07-20T09:54:09","date_gmt":"2022-07-20T07:54:09","guid":{"rendered":"\/?page_id=4377"},"modified":"2023-10-23T09:37:37","modified_gmt":"2023-10-23T07:37:37","slug":"toutes-nos-offres-de-these","status":"publish","type":"page","link":"https:\/\/talentimpulse.cea.fr\/en\/toutes-nos-offres-de-these\/","title":{"rendered":"All our thesis offers"},"content":{"rendered":"<div data-elementor-type=\"wp-page\" data-elementor-id=\"4377\" class=\"elementor elementor-4377\" data-elementor-post-type=\"page\">\n\t\t\t\t\t\t<section class=\"elementor-section elementor-top-section elementor-element elementor-element-7ca3069 elementor-section-boxed elementor-section-height-default elementor-section-height-default\" data-id=\"7ca3069\" data-element_type=\"section\" data-settings=\"{&quot;background_background&quot;:&quot;classic&quot;}\">\n\t\t\t\t\t\t\t<div class=\"elementor-background-overlay\"><\/div>\n\t\t\t\t\t\t\t<div class=\"elementor-container elementor-column-gap-default\">\n\t\t\t\t\t<div class=\"elementor-column elementor-col-100 elementor-top-column elementor-element elementor-element-cbe8783\" data-id=\"cbe8783\" data-element_type=\"column\">\n\t\t\t<div class=\"elementor-widget-wrap elementor-element-populated\">\n\t\t\t\t\t\t<div class=\"elementor-element elementor-element-abf92fb elementor-widget elementor-widget-heading\" data-id=\"abf92fb\" data-element_type=\"widget\" data-widget_type=\"heading.default\">\n\t\t\t\t<div class=\"elementor-widget-container\">\n\t\t\t\t\t<h2 class=\"elementor-heading-title elementor-size-default\">PhD offers<\/h2>\t\t\t\t<\/div>\n\t\t\t\t<\/div>\n\t\t\t\t<div class=\"elementor-element elementor-element-396d0c8 elementor-widget elementor-widget-heading\" data-id=\"396d0c8\" data-element_type=\"widget\" data-widget_type=\"heading.default\">\n\t\t\t\t<div class=\"elementor-widget-container\">\n\t\t\t\t\t<h1 class=\"elementor-heading-title elementor-size-default\">All our offers<\/h1>\t\t\t\t<\/div>\n\t\t\t\t<\/div>\n\t\t\t\t\t<\/div>\n\t\t<\/div>\n\t\t\t\t\t<\/div>\n\t\t<\/section>\n\t\t\t\t<section class=\"elementor-section elementor-top-section elementor-element elementor-element-9546143 elementor-section-boxed elementor-section-height-default elementor-section-height-default\" data-id=\"9546143\" data-element_type=\"section\">\n\t\t\t\t\t\t<div class=\"elementor-container elementor-column-gap-default\">\n\t\t\t\t\t<div class=\"elementor-column elementor-col-33 elementor-top-column elementor-element elementor-element-5cde99f\" data-id=\"5cde99f\" data-element_type=\"column\">\n\t\t\t<div class=\"elementor-widget-wrap elementor-element-populated\">\n\t\t\t\t\t\t<div class=\"elementor-element elementor-element-e628574 elementor-widget elementor-widget-shortcode\" data-id=\"e628574\" data-element_type=\"widget\" data-widget_type=\"shortcode.default\">\n\t\t\t\t<div class=\"elementor-widget-container\">\n\t\t\t\t\t\t\t<div class=\"elementor-shortcode\"><form action=\"\" method=\"GET\" id=\"formRechercheSujets\" data-trp-original-action=\"\">\n  <div class=\"containerCritereTri\">\n    <p class=\"titreCritereFiltre\"><span class=\"iconTitreCritereFiltre\">+<\/span>Filter by technology challenge<\/p>\n    <ul class=\"ulCritereFiltre\">\n      <li><input name=\"defi[]\" type=\"checkbox\" value=\"188\" >Cyber security : hardware and sofware<\/input><\/li><li><input name=\"defi[]\" type=\"checkbox\" value=\"177\" >Energy efficiency for smart buildings, electrical mobility and industrial processes<\/input><\/li><li><input name=\"defi[]\" type=\"checkbox\" value=\"164\" >Solar energy for energy transition<\/input><\/li><li><input name=\"defi[]\" type=\"checkbox\" value=\"163\" >Green &amp; decarbonated energy including bioprocesses and waste recycling<\/input><\/li><li><input name=\"defi[]\" type=\"checkbox\" value=\"190\" >Additive manufacturing, new routes for saving materials<\/input><\/li><li><input name=\"defi[]\" type=\"checkbox\" value=\"214\" >Support functions<\/input><\/li><li><input name=\"defi[]\" type=\"checkbox\" value=\"157\" >Advanced hydrogen and fuel-cells solutions for energy transition<\/input><\/li><li><input name=\"defi[]\" type=\"checkbox\" value=\"186\" >Instrumentation nucl\u00e9aire et m\u00e9trologie des rayonnements ionisants<\/input><\/li><li><input name=\"defi[]\" type=\"checkbox\" value=\"166\" >Artificial Intelligence &amp; data intelligence<\/input><\/li><li><input name=\"defi[]\" type=\"checkbox\" value=\"165\" >New computing paradigms, including quantum<\/input><\/li><li><input name=\"defi[]\" type=\"checkbox\" value=\"167\" >Emerging materials and processes for nanotechnologies and microelectronics<\/input><\/li><li><input name=\"defi[]\" type=\"checkbox\" value=\"184\" >Advanced nano characterization<\/input><\/li><li><input name=\"defi[]\" type=\"checkbox\" value=\"185\" >Photonics, Imaging and displays<\/input><\/li><li><input name=\"defi[]\" type=\"checkbox\" value=\"172\" >Communication networks, IOT, radiofrequencies and antennas<\/input><\/li><li><input name=\"defi[]\" type=\"checkbox\" value=\"183\" >Smart Energy grids<\/input><\/li><li><input name=\"defi[]\" type=\"checkbox\" value=\"187\" >Numerical simulation &amp; modelling<\/input><\/li><li><input name=\"defi[]\" type=\"checkbox\" value=\"168\" >Stockage d'\u00e9nergie \u00e9lectrochimique y compris les batteries pour la transition \u00e9nerg\u00e9tique<\/input><\/li><li><input name=\"defi[]\" type=\"checkbox\" value=\"182\" >Cyber physical systems - sensors and actuators<\/input><\/li><li><input name=\"defi[]\" type=\"checkbox\" value=\"181\" >Health and environment technologies, medical devices<\/input><\/li><li><input name=\"defi[]\" type=\"checkbox\" value=\"173\" >Factory of the future incl. robotics and non destructive testing<\/input><\/li>    <\/ul>\n  <\/div>\n  \n  <div class=\"containerCritereTri\">\n    <p class=\"titreCritereFiltre\"><span class=\"iconTitreCritereFiltre\">+<\/span>Filter by institute<\/p>\n    <ul class=\"ulCritereFiltre\">\n      <li><input name=\"departement[]\" type=\"checkbox\" value=\"LETI\" >CEA-LETI<\/input><\/li><li><input name=\"departement[]\" type=\"checkbox\" value=\"LIST\" >CEA-LIST<\/input><\/li><li><input name=\"departement[]\" type=\"checkbox\" value=\"CTReg\" >CEA Tech en R\u00e9gion<\/input><\/li>    <\/ul>\n  <\/div>\n\n  <div class=\"containerCritereTri\">\n    <p class=\"titreCritereFiltre\"><span class=\"iconTitreCritereFiltre\">+<\/span>Filter by location<\/p>\n    <ul class=\"ulCritereFiltre\">\n      <li><input name=\"localisation[]\" type=\"checkbox\" value=\"Grenoble\" >Grenoble<\/input><\/li><li><input name=\"localisation[]\" type=\"checkbox\" value=\"Saclay\" >Saclay<\/input><\/li>    <\/ul>\n  <\/div>\n  \n  <div id=\"containerActionFormFiltre\">\n    <input type=\"submit\" value=\"Submit\" \/>\n    <a href=\"\/en\/toutes-nos-offres-de-these\/\" id=\"btnResetFiltres\">Reset filters<\/a>\n  <\/div>\n<input type=\"hidden\" name=\"trp-form-language\" value=\"en\"\/><\/form><\/div>\n\t\t\t\t\t\t<\/div>\n\t\t\t\t<\/div>\n\t\t\t\t\t<\/div>\n\t\t<\/div>\n\t\t\t\t<div class=\"elementor-column elementor-col-66 elementor-top-column elementor-element elementor-element-806d8b5\" data-id=\"806d8b5\" data-element_type=\"column\" data-settings=\"{&quot;background_background&quot;:&quot;classic&quot;}\">\n\t\t\t<div class=\"elementor-widget-wrap elementor-element-populated\">\n\t\t\t\t\t\t<div class=\"elementor-element elementor-element-4332a3e elementor-widget elementor-widget-shortcode\" data-id=\"4332a3e\" data-element_type=\"widget\" data-widget_type=\"shortcode.default\">\n\t\t\t\t<div class=\"elementor-widget-container\">\n\t\t\t\t\t\t\t<div class=\"elementor-shortcode\">\n  \n  Number of results : 4\n  \n  <ul id=\"listeSujets\" class=\"listeSujetsTheses\">\n          <li class=\"unSujet\">\n        <span class=\"domaine_principal\">Emerging materials and processes for nanotechnologies and microelectronics<\/span>\n        \n                \n        <a class=\"title\" href=\"https:\/\/talentimpulse.cea.fr\/en\/theses\/developpement-et-caracterisation-de-matrices-de-sources-terahertz-cointegrees-en-technologie-photonique-silicium-et-iii-v\/\">Development and Characterization of Terahertz Source Matrices Co-integrated in Silicon and III-V Photonics Technology<\/a>\n        <p class=\"content\">The terahertz (THz) range (0.1\u201310 THz) is increasingly exploited for imaging and spectroscopy (e.g. security scanning, medical diagnostics, non-destructive testing) because many materials are transparent to THz radiation and have unique spectral signatures. However, existing sources struggle to offer both high power and wide tunability: electronic sources (diodes, QCLs) deliver milliwatts but over narrow bands,...<\/p>\n        \n        <p class=\"lienEnSavoirPlus\"><a href=\"https:\/\/talentimpulse.cea.fr\/en\/theses\/developpement-et-caracterisation-de-matrices-de-sources-terahertz-cointegrees-en-technologie-photonique-silicium-et-iii-v\/\">Learn more<\/a><\/p>\n      <\/li>\n          <li class=\"unSujet\">\n        <span class=\"domaine_principal\">Emerging materials and processes for nanotechnologies and microelectronics<\/span>\n        \n                \n        <a class=\"title\" href=\"https:\/\/talentimpulse.cea.fr\/en\/theses\/reseaux-de-neurones-bayesiens-avec-transistors-a-effet-de-champ-a-memoire-ferroelectrique-femfets\/\">Bayesian Neural Networks with Ferroelectric Memory Field-Effect Transistors (FeMFETs)<\/a>\n        <p class=\"content\">Artificial Intelligence (AI) increasingly powers safety-critical systems that demand robust, energy-efficient computation, often in environments marked by data scarcity and uncertainty. However, conventional AI approaches struggle to quantify confidence in their predictions, making them prone to unreliable or unsafe decisions. This thesis contributes to the emerging field of Bayesian electronics, which exploits the intrinsic randomness...<\/p>\n        \n        <p class=\"lienEnSavoirPlus\"><a href=\"https:\/\/talentimpulse.cea.fr\/en\/theses\/reseaux-de-neurones-bayesiens-avec-transistors-a-effet-de-champ-a-memoire-ferroelectrique-femfets\/\">Learn more<\/a><\/p>\n      <\/li>\n          <li class=\"unSujet\">\n        <span class=\"domaine_principal\">Additive manufacturing, new routes for saving materials<\/span>\n        \n                \n        <a class=\"title\" href=\"https:\/\/talentimpulse.cea.fr\/en\/theses\/polymeres-fonctionnels-pour-lelectronique-imprimee-3d-4d-de-la-rheologie-a-la-fonctionnalisation-des-materiaux\/\">Rheology and Conduction of Functional Polymers for Embedded Electronics in 3D\/4D Additive Manufacturing<\/a>\n        <p class=\"content\">This PhD project, conducted on the MAPP platform (CEA-Metz), focuses on the development of additive manufacturing (3D\/4D) processes for the integration of smart materials. The aim is to overcome the limitations of traditional planar electronic architectures (PCBs, wafers) integration by enabling the direct-to-shape printing of electronic functions within 3D parts performed by Fused Deposition Modeling...<\/p>\n        \n        <p class=\"lienEnSavoirPlus\"><a href=\"https:\/\/talentimpulse.cea.fr\/en\/theses\/polymeres-fonctionnels-pour-lelectronique-imprimee-3d-4d-de-la-rheologie-a-la-fonctionnalisation-des-materiaux\/\">Learn more<\/a><\/p>\n      <\/li>\n          <li class=\"unSujet\">\n        <span class=\"domaine_principal\">Communication networks, IOT, radiofrequencies and antennas<\/span>\n        \n                \n        <a class=\"title\" href=\"https:\/\/talentimpulse.cea.fr\/en\/theses\/gestion-de-reseau-pilotee-par-lia-avec-de-grands-modeles-llms\/\">AI-Driven Network Management with Large Language Models LLMs<\/a>\n        <p class=\"content\">The increasing complexity of heterogeneous networks (satellite, 5G, IoT, TSN) requires an evolution in network management. Intent-Based Networking (IBN), while advanced, still faces challenges in unambiguously translating high-level intentions into technical configurations. This work proposes to overcome this limitation by leveraging Large Language Models (LLMs) as a cognitive interface for complete and reliable automation. This...<\/p>\n        \n        <p class=\"lienEnSavoirPlus\"><a href=\"https:\/\/talentimpulse.cea.fr\/en\/theses\/gestion-de-reseau-pilotee-par-lia-avec-de-grands-modeles-llms\/\">Learn more<\/a><\/p>\n      <\/li>\n      <\/ul>\n<\/div>\n\t\t\t\t\t\t<\/div>\n\t\t\t\t<\/div>\n\t\t\t\t\t<\/div>\n\t\t<\/div>\n\t\t\t\t\t<\/div>\n\t\t<\/section>\n\t\t\t\t<\/div>","protected":false},"excerpt":{"rendered":"<p>Th\u00e8ses Toutes nos offres<\/p>","protected":false},"author":1,"featured_media":0,"parent":0,"menu_order":7,"comment_status":"closed","ping_status":"closed","template":"","meta":{"_acf_changed":false,"footnotes":""},"class_list":["post-4377","page","type-page","status-publish","hentry"],"acf":[],"aioseo_notices":[],"_links":{"self":[{"href":"https:\/\/talentimpulse.cea.fr\/en\/wp-json\/wp\/v2\/pages\/4377","targetHints":{"allow":["GET"]}}],"collection":[{"href":"https:\/\/talentimpulse.cea.fr\/en\/wp-json\/wp\/v2\/pages"}],"about":[{"href":"https:\/\/talentimpulse.cea.fr\/en\/wp-json\/wp\/v2\/types\/page"}],"author":[{"embeddable":true,"href":"https:\/\/talentimpulse.cea.fr\/en\/wp-json\/wp\/v2\/users\/1"}],"replies":[{"embeddable":true,"href":"https:\/\/talentimpulse.cea.fr\/en\/wp-json\/wp\/v2\/comments?post=4377"}],"version-history":[{"count":59,"href":"https:\/\/talentimpulse.cea.fr\/en\/wp-json\/wp\/v2\/pages\/4377\/revisions"}],"predecessor-version":[{"id":8659,"href":"https:\/\/talentimpulse.cea.fr\/en\/wp-json\/wp\/v2\/pages\/4377\/revisions\/8659"}],"wp:attachment":[{"href":"https:\/\/talentimpulse.cea.fr\/en\/wp-json\/wp\/v2\/media?parent=4377"}],"curies":[{"name":"wp","href":"https:\/\/api.w.org\/{rel}","templated":true}]}}